{"id":150,"date":"2023-09-28T11:12:03","date_gmt":"2023-09-28T09:12:03","guid":{"rendered":"https:\/\/powerhouse-potsdam.com\/?page_id=150"},"modified":"2023-10-27T20:47:46","modified_gmt":"2023-10-27T18:47:46","slug":"impressum","status":"publish","type":"page","link":"https:\/\/powerhouse-potsdam.com\/en\/impressum\/","title":{"rendered":"Impressum"},"content":{"rendered":"<div data-elementor-type=\"wp-page\" data-elementor-id=\"150\" class=\"elementor elementor-150\" data-elementor-post-type=\"page\">\n\t\t\t\t\t\t<section class=\"elementor-section elementor-top-section elementor-element elementor-element-477a71b6 elementor-section-boxed elementor-section-height-default elementor-section-height-default\" data-id=\"477a71b6\" data-element_type=\"section\">\n\t\t\t\t\t\t<div class=\"elementor-container elementor-column-gap-default\">\n\t\t\t\t\t<div class=\"elementor-column elementor-col-100 elementor-top-column elementor-element elementor-element-23f12904\" data-id=\"23f12904\" data-element_type=\"column\">\n\t\t\t<div class=\"elementor-widget-wrap elementor-element-populated\">\n\t\t\t\t\t\t<div class=\"elementor-element elementor-element-d546fe8 elementor-widget elementor-widget-heading\" data-id=\"d546fe8\" data-element_type=\"widget\" data-widget_type=\"heading.default\">\n\t\t\t\t<div class=\"elementor-widget-container\">\n\t\t\t\t\t<h1 class=\"elementor-heading-title elementor-size-default\">Impressum<\/h1>\t\t\t\t<\/div>\n\t\t\t\t<\/div>\n\t\t\t\t<div class=\"elementor-element elementor-element-5b453d3 elementor-widget elementor-widget-heading\" data-id=\"5b453d3\" data-element_type=\"widget\" data-widget_type=\"heading.default\">\n\t\t\t\t<div class=\"elementor-widget-container\">\n\t\t\t\t\t<h2 class=\"elementor-heading-title elementor-size-default\">POWERHOUSE Potsdam - DAS PILATESSTUDIO IN POTSDAM F\u00dcR KLASSISCHES PILATES AN GER\u00c4TEN\u200b<\/h2>\t\t\t\t<\/div>\n\t\t\t\t<\/div>\n\t\t\t\t\t<\/div>\n\t\t<\/div>\n\t\t\t\t\t<\/div>\n\t\t<\/section>\n\t\t\t\t<section class=\"elementor-section elementor-top-section elementor-element elementor-element-209fd16 elementor-section-boxed elementor-section-height-default elementor-section-height-default\" data-id=\"209fd16\" data-element_type=\"section\">\n\t\t\t\t\t\t<div class=\"elementor-container elementor-column-gap-default\">\n\t\t\t\t\t<div class=\"elementor-column elementor-col-100 elementor-top-column elementor-element elementor-element-3756c7f\" data-id=\"3756c7f\" data-element_type=\"column\">\n\t\t\t<div class=\"elementor-widget-wrap elementor-element-populated\">\n\t\t\t\t\t\t<div class=\"elementor-element elementor-element-6430f8d elementor-widget__width-initial elementor-widget elementor-widget-text-editor\" data-id=\"6430f8d\" data-element_type=\"widget\" data-widget_type=\"text-editor.default\">\n\t\t\t\t<div class=\"elementor-widget-container\">\n\t\t\t\t\t\t\t\t\t<p><span style=\"background-color: var(--base-3); color: var( --e-global-color-primary );\"><b>POWERHOUSE Potsdam<br \/><\/b><\/span><span style=\"background-color: var(--base-3); color: var( --e-global-color-primary );\">Inhaberin: Angela Dorn<br \/><\/span><span style=\"background-color: var(--base-3); color: var( --e-global-color-primary );\">Am Neuen Markt 5<br \/><\/span><span style=\"background-color: var(--base-3); color: var( --e-global-color-primary );\">14467 Potsdam<\/span><\/p><p>You will find us on the 1st floor, on the left<\/p><p><strong>Telefon:<\/strong> +49 151 1248 2502<br \/><strong>E-Mail:<\/strong> mail@powerhouse-potsdam.com<\/p><p><strong>Trainingszeiten:<br \/><\/strong>Monday to Friday between 8 am and 8 pm via appointment<\/p><p><strong>Umsatzsteuer ID:<\/strong><br \/>DE363073511<\/p><p><strong>Bildnachweise:<\/strong><br \/>\u00a9POWERHOUSE Potsdam, \u00a9AdobeStock<\/p><p><strong>Webdesign &amp; Programmierung:<\/strong><br \/>SCHWEIGER DESIGN\u00a0 <a href=\"http:\/\/www.schweiger-design.de\" target=\"_blank\" rel=\"noopener\">www.schweiger-design.de<\/a><\/p>\t\t\t\t\t\t\t\t<\/div>\n\t\t\t\t<\/div>\n\t\t\t\t<div class=\"elementor-element elementor-element-542d0dd elementor-widget elementor-widget-spacer\" data-id=\"542d0dd\" data-element_type=\"widget\" data-widget_type=\"spacer.default\">\n\t\t\t\t<div class=\"elementor-widget-container\">\n\t\t\t\t\t\t\t<div class=\"elementor-spacer\">\n\t\t\t<div class=\"elementor-spacer-inner\"><\/div>\n\t\t<\/div>\n\t\t\t\t\t\t<\/div>\n\t\t\t\t<\/div>\n\t\t\t\t<div class=\"elementor-element elementor-element-38f16ad elementor-widget__width-initial elementor-widget elementor-widget-text-editor\" data-id=\"38f16ad\" data-element_type=\"widget\" data-widget_type=\"text-editor.default\">\n\t\t\t\t<div class=\"elementor-widget-container\">\n\t\t\t\t\t\t\t\t\t<p>Diese Website wurde mit gr\u00f6\u00dftm\u00f6glicher Sorgfalt zusammengestellt. Trotzdem kann POWERHOUSE POTSDAM die Fehlerfreiheit und Genauigkeit der enthaltenen Informationen nicht garantieren.<\/p><p><span style=\"background-color: var(--base-3); color: var( --e-global-color-primary );\"><b>Haftungsausschluss<\/b><br \/><\/span><span style=\"background-color: var(--base-3); color: var( --e-global-color-primary );\">Wir schlie\u00dfen jegliche Haftung f\u00fcr Sch\u00e4den, die direkt oder indirekt aus der Benutzung dieser Website entstehen, aus.<\/span><\/p><p><span style=\"background-color: var(--base-3); color: var( --e-global-color-primary );\"><b>Externe Verlinkungen<\/b><br \/><\/span><span style=\"background-color: var(--base-3); color: var( --e-global-color-primary );\">Mit dem Urteil vom 12. Mai 1998 hat das Landgericht (LG) Hamburg entschieden, dass man durch das Verlinken einer anderen Seite die Inhalte der gelinkten Seite ggf. mit zu verantworten hat. Dies kann, so das LG, nur dadurch verhindert werden, dass man sich ausdr\u00fccklich von diesen Inhalten distanziert. F\u00fcr alle Links, die von www.schweiger-design.de auf andere Seiten zielen, betonen wir ausdr\u00fccklich, dass wir keinerlei Einfluss auf die Gestaltung und die Inhalte der gelinkten Seiten haben. Wir distanzieren uns somit ausdr\u00fccklich von allen Inhalten aller gelinkten Seiten.<\/span><\/p>\t\t\t\t\t\t\t\t<\/div>\n\t\t\t\t<\/div>\n\t\t\t\t\t<\/div>\n\t\t<\/div>\n\t\t\t\t\t<\/div>\n\t\t<\/section>\n\t\t\t\t<\/div>","protected":false},"excerpt":{"rendered":"<p>Impressum POWERHOUSE Potsdam &#8211; DAS PILATESSTUDIO IN POTSDAM F\u00dcR KLASSISCHES PILATES AN GER\u00c4TEN\u200b POWERHOUSE PotsdamInhaberin: Angela DornAm Neuen Markt 514467 Potsdam Du findest uns im 1. Stock links Telefon: +49 151 1248 2502E-Mail: mail@powerhouse-potsdam.com Trainingszeiten:Montag-Freitag 8-20 Uhr nach Terminabsprache Umsatzsteuer ID:DE363073511 Bildnachweise:\u00a9POWERHOUSE Potsdam, \u00a9AdobeStock Webdesign &amp; Programmierung:SCHWEIGER DESIGN\u00a0 www.schweiger-design.de Diese Website wurde mit gr\u00f6\u00dftm\u00f6glicher Sorgfalt &#8230; <a title=\"Impressum\" class=\"read-more\" href=\"https:\/\/powerhouse-potsdam.com\/en\/impressum\/\" aria-label=\"Read more about Impressum\">Read more<\/a><\/p>","protected":false},"author":1,"featured_media":0,"parent":0,"menu_order":9,"comment_status":"closed","ping_status":"closed","template":"","meta":{"footnotes":""},"class_list":["post-150","page","type-page","status-publish"],"yoast_head":"<!-- This site is optimized with the Yoast SEO plugin v26.0 - https:\/\/yoast.com\/wordpress\/plugins\/seo\/ -->\n<title>Impressum - Powerhouse Potsdam<\/title>\n<meta name=\"robots\" content=\"index, follow, max-snippet:-1, max-image-preview:large, max-video-preview:-1\" \/>\n<link rel=\"canonical\" href=\"https:\/\/powerhouse-potsdam.com\/en\/impressum\/\" \/>\n<meta property=\"og:locale\" content=\"en_GB\" \/>\n<meta property=\"og:type\" content=\"article\" \/>\n<meta property=\"og:title\" content=\"Impressum - Powerhouse Potsdam\" \/>\n<meta property=\"og:description\" content=\"Impressum POWERHOUSE Potsdam &#8211; DAS PILATESSTUDIO IN POTSDAM F\u00dcR KLASSISCHES PILATES AN GER\u00c4TEN\u200b POWERHOUSE PotsdamInhaberin: Angela DornAm Neuen Markt 514467 Potsdam Du findest uns im 1. Stock links Telefon: +49 151 1248 2502E-Mail: mail@powerhouse-potsdam.com Trainingszeiten:Montag-Freitag 8-20 Uhr nach Terminabsprache Umsatzsteuer ID:DE363073511 Bildnachweise:\u00a9POWERHOUSE Potsdam, \u00a9AdobeStock Webdesign &amp; Programmierung:SCHWEIGER DESIGN\u00a0 www.schweiger-design.de Diese Website wurde mit gr\u00f6\u00dftm\u00f6glicher Sorgfalt ... Read more\" \/>\n<meta property=\"og:url\" content=\"https:\/\/powerhouse-potsdam.com\/en\/impressum\/\" \/>\n<meta property=\"og:site_name\" content=\"Powerhouse Potsdam\" \/>\n<meta property=\"article:modified_time\" content=\"2023-10-27T18:47:46+00:00\" \/>\n<meta name=\"twitter:card\" content=\"summary_large_image\" \/>\n<meta name=\"twitter:label1\" content=\"Estimated reading time\" \/>\n\t<meta name=\"twitter:data1\" content=\"2 minutes\" \/>\n<script type=\"application\/ld+json\" class=\"yoast-schema-graph\">{\"@context\":\"https:\/\/schema.org\",\"@graph\":[{\"@type\":\"WebPage\",\"@id\":\"https:\/\/powerhouse-potsdam.com\/impressum\/\",\"url\":\"https:\/\/powerhouse-potsdam.com\/impressum\/\",\"name\":\"Impressum - Powerhouse Potsdam\",\"isPartOf\":{\"@id\":\"https:\/\/powerhouse-potsdam.com\/#website\"},\"datePublished\":\"2023-09-28T09:12:03+00:00\",\"dateModified\":\"2023-10-27T18:47:46+00:00\",\"breadcrumb\":{\"@id\":\"https:\/\/powerhouse-potsdam.com\/impressum\/#breadcrumb\"},\"inLanguage\":\"en-GB\",\"potentialAction\":[{\"@type\":\"ReadAction\",\"target\":[\"https:\/\/powerhouse-potsdam.com\/impressum\/\"]}]},{\"@type\":\"BreadcrumbList\",\"@id\":\"https:\/\/powerhouse-potsdam.com\/impressum\/#breadcrumb\",\"itemListElement\":[{\"@type\":\"ListItem\",\"position\":1,\"name\":\"Startseite\",\"item\":\"https:\/\/powerhouse-potsdam.com\/\"},{\"@type\":\"ListItem\",\"position\":2,\"name\":\"Impressum\"}]},{\"@type\":\"WebSite\",\"@id\":\"https:\/\/powerhouse-potsdam.com\/#website\",\"url\":\"https:\/\/powerhouse-potsdam.com\/\",\"name\":\"Powerhouse Potsdam\",\"description\":\"Das Pilatesstudio f\u00fcr klassisches Pilates an Ger\u00e4ten\",\"potentialAction\":[{\"@type\":\"SearchAction\",\"target\":{\"@type\":\"EntryPoint\",\"urlTemplate\":\"https:\/\/powerhouse-potsdam.com\/?s={search_term_string}\"},\"query-input\":{\"@type\":\"PropertyValueSpecification\",\"valueRequired\":true,\"valueName\":\"search_term_string\"}}],\"inLanguage\":\"en-GB\"}]}<\/script>\n<!-- \/ Yoast SEO plugin. -->","yoast_head_json":{"title":"Impressum - Powerhouse Potsdam","robots":{"index":"index","follow":"follow","max-snippet":"max-snippet:-1","max-image-preview":"max-image-preview:large","max-video-preview":"max-video-preview:-1"},"canonical":"https:\/\/powerhouse-potsdam.com\/en\/impressum\/","og_locale":"en_GB","og_type":"article","og_title":"Impressum - Powerhouse Potsdam","og_description":"Impressum POWERHOUSE Potsdam &#8211; DAS PILATESSTUDIO IN POTSDAM F\u00dcR KLASSISCHES PILATES AN GER\u00c4TEN\u200b POWERHOUSE PotsdamInhaberin: Angela DornAm Neuen Markt 514467 Potsdam Du findest uns im 1. Stock links Telefon: +49 151 1248 2502E-Mail: mail@powerhouse-potsdam.com Trainingszeiten:Montag-Freitag 8-20 Uhr nach Terminabsprache Umsatzsteuer ID:DE363073511 Bildnachweise:\u00a9POWERHOUSE Potsdam, \u00a9AdobeStock Webdesign &amp; Programmierung:SCHWEIGER DESIGN\u00a0 www.schweiger-design.de Diese Website wurde mit gr\u00f6\u00dftm\u00f6glicher Sorgfalt ... Read more","og_url":"https:\/\/powerhouse-potsdam.com\/en\/impressum\/","og_site_name":"Powerhouse Potsdam","article_modified_time":"2023-10-27T18:47:46+00:00","twitter_card":"summary_large_image","twitter_misc":{"Estimated reading time":"2 minutes"},"schema":{"@context":"https:\/\/schema.org","@graph":[{"@type":"WebPage","@id":"https:\/\/powerhouse-potsdam.com\/impressum\/","url":"https:\/\/powerhouse-potsdam.com\/impressum\/","name":"Impressum - Powerhouse Potsdam","isPartOf":{"@id":"https:\/\/powerhouse-potsdam.com\/#website"},"datePublished":"2023-09-28T09:12:03+00:00","dateModified":"2023-10-27T18:47:46+00:00","breadcrumb":{"@id":"https:\/\/powerhouse-potsdam.com\/impressum\/#breadcrumb"},"inLanguage":"en-GB","potentialAction":[{"@type":"ReadAction","target":["https:\/\/powerhouse-potsdam.com\/impressum\/"]}]},{"@type":"BreadcrumbList","@id":"https:\/\/powerhouse-potsdam.com\/impressum\/#breadcrumb","itemListElement":[{"@type":"ListItem","position":1,"name":"Startseite","item":"https:\/\/powerhouse-potsdam.com\/"},{"@type":"ListItem","position":2,"name":"Impressum"}]},{"@type":"WebSite","@id":"https:\/\/powerhouse-potsdam.com\/#website","url":"https:\/\/powerhouse-potsdam.com\/","name":"Powerhouse Potsdam","description":"The Pilates studio for classical Pilates on equipment","potentialAction":[{"@type":"SearchAction","target":{"@type":"EntryPoint","urlTemplate":"https:\/\/powerhouse-potsdam.com\/?s={search_term_string}"},"query-input":{"@type":"PropertyValueSpecification","valueRequired":true,"valueName":"search_term_string"}}],"inLanguage":"en-GB"}]}},"_links":{"self":[{"href":"https:\/\/powerhouse-potsdam.com\/en\/wp-json\/wp\/v2\/pages\/150","targetHints":{"allow":["GET"]}}],"collection":[{"href":"https:\/\/powerhouse-potsdam.com\/en\/wp-json\/wp\/v2\/pages"}],"about":[{"href":"https:\/\/powerhouse-potsdam.com\/en\/wp-json\/wp\/v2\/types\/page"}],"author":[{"embeddable":true,"href":"https:\/\/powerhouse-potsdam.com\/en\/wp-json\/wp\/v2\/users\/1"}],"replies":[{"embeddable":true,"href":"https:\/\/powerhouse-potsdam.com\/en\/wp-json\/wp\/v2\/comments?post=150"}],"version-history":[{"count":28,"href":"https:\/\/powerhouse-potsdam.com\/en\/wp-json\/wp\/v2\/pages\/150\/revisions"}],"predecessor-version":[{"id":1493,"href":"https:\/\/powerhouse-potsdam.com\/en\/wp-json\/wp\/v2\/pages\/150\/revisions\/1493"}],"wp:attachment":[{"href":"https:\/\/powerhouse-potsdam.com\/en\/wp-json\/wp\/v2\/media?parent=150"}],"curies":[{"name":"wp","href":"https:\/\/api.w.org\/{rel}","templated":true}]}}